{"id":2644,"date":"2026-04-21T14:35:10","date_gmt":"2026-04-21T13:35:10","guid":{"rendered":"https:\/\/bussola-digital.pt\/?page_id=2644"},"modified":"2026-04-21T17:59:55","modified_gmt":"2026-04-21T16:59:55","slug":"politica-de-cookies","status":"publish","type":"page","link":"https:\/\/bussola-digital.pt\/en\/politica-de-cookies\/","title":{"rendered":"Politica de Cookies"},"content":{"rendered":"<div data-elementor-type=\"wp-page\" data-elementor-id=\"2644\" class=\"elementor elementor-2644\" data-elementor-post-type=\"page\">\n\t\t\t\t<div class=\"elementor-element elementor-element-30aca75 e-flex e-con-boxed e-con e-parent\" data-id=\"30aca75\" data-element_type=\"container\" data-e-type=\"container\">\n\t\t\t\t\t<div class=\"e-con-inner\">\n\t\t<div class=\"elementor-element elementor-element-04836e8 e-flex e-con-boxed e-con e-child\" data-id=\"04836e8\" data-element_type=\"container\" data-e-type=\"container\">\n\t\t\t\t\t<div class=\"e-con-inner\">\n\t\t\t\t<div class=\"elementor-element elementor-element-1e935ac elementor-widget elementor-widget-html\" data-id=\"1e935ac\" data-element_type=\"widget\" data-e-type=\"widget\" data-widget_type=\"html.default\">\n\t\t\t\t\t<h4>POL\u00cdTICA DE COOKIES \u2014 B\u00fassola Digital<\/h4>\r\n\r\n<h5>1. O que s\u00e3o Cookies?<\/h5>\r\n<p>Cookies s\u00e3o pequenos ficheiros armazenados no seu dispositivo que permitem melhorar a experi\u00eancia de navega\u00e7\u00e3o e analisar o uso do website.<\/p>\r\n\r\n<h5>2. Tipos de Cookies Utilizados<\/h5>\r\n<ul>\r\n<li>Cookies essenciais: necess\u00e1rios para o funcionamento do website.<\/li>\r\n<li>Cookies anal\u00edticos: ajudam a compreender como o website \u00e9 utilizado.<\/li>\r\n<li>Cookies de funcionalidade: guardam prefer\u00eancias do utilizador.<\/li>\r\n<li>Cookies de terceiros: utilizados por ferramentas externas (ex.: Google Analytics).<\/li>\r\n<\/ul>\r\n\r\n<h5>3. Finalidade dos Cookies<\/h5>\r\n<p>Utilizamos cookies para:<\/p>\r\n<ul>\r\n<li>Garantir o funcionamento do website<\/li>\r\n<li>Melhorar desempenho e seguran\u00e7a<\/li>\r\n<li>Analisar tr\u00e1fego e comportamento<\/li>\r\n<li>Personalizar a experi\u00eancia do utilizador<\/li>\r\n<\/ul>\r\n\r\n<h5>4. Gest\u00e3o de Cookies<\/h5>\r\n<p>O utilizador pode:<\/p>\r\n<ul>\r\n<li>Aceitar ou recusar cookies<\/li>\r\n<li>Alterar defini\u00e7\u00f5es no navegador<\/li>\r\n<li>Apagar cookies armazenados<\/li>\r\n<\/ul>\r\n\r\n<h5>5. Cookies de Terceiros<\/h5>\r\n<p>Ferramentas externas podem recolher dados an\u00f3nimos, como:<\/p>\r\n<ul>\r\n<li>Google Analytics<\/li>\r\n<li>Plugins de redes sociais<\/li>\r\n<\/ul>\r\n<p>Recomendamos consultar as pol\u00edticas desses servi\u00e7os.<\/p>\r\n\r\n<h5>6. Altera\u00e7\u00f5es<\/h5>\r\n<p>Podemos atualizar esta Pol\u00edtica de Cookies a qualquer momento.<\/p>\t\t\t\t<\/div>\n\t\t\t\t\t<\/div>\n\t\t\t\t<\/div>\n\t\t\t\t\t<\/div>\n\t\t\t\t<\/div>\n\t\t\t\t<\/div>","protected":false},"excerpt":{"rendered":"<p>POL\u00cdTICA DE COOKIES \u2014 B\u00fassola Digital 1. O que s\u00e3o Cookies? Cookies s\u00e3o pequenos ficheiros armazenados no seu dispositivo que permitem melhorar a experi\u00eancia de navega\u00e7\u00e3o e analisar o uso do website. 2. Tipos de Cookies Utilizados Cookies essenciais: necess\u00e1rios para o funcionamento do website. Cookies anal\u00edticos: ajudam a compreender como o website \u00e9 utilizado. [&hellip;]<\/p>\n","protected":false},"author":1,"featured_media":0,"parent":0,"menu_order":0,"comment_status":"closed","ping_status":"closed","template":"elementor_header_footer","meta":{"footnotes":""},"class_list":["post-2644","page","type-page","status-publish","hentry"],"_links":{"self":[{"href":"https:\/\/bussola-digital.pt\/en\/wp-json\/wp\/v2\/pages\/2644","targetHints":{"allow":["GET"]}}],"collection":[{"href":"https:\/\/bussola-digital.pt\/en\/wp-json\/wp\/v2\/pages"}],"about":[{"href":"https:\/\/bussola-digital.pt\/en\/wp-json\/wp\/v2\/types\/page"}],"author":[{"embeddable":true,"href":"https:\/\/bussola-digital.pt\/en\/wp-json\/wp\/v2\/users\/1"}],"replies":[{"embeddable":true,"href":"https:\/\/bussola-digital.pt\/en\/wp-json\/wp\/v2\/comments?post=2644"}],"version-history":[{"count":10,"href":"https:\/\/bussola-digital.pt\/en\/wp-json\/wp\/v2\/pages\/2644\/revisions"}],"predecessor-version":[{"id":2733,"href":"https:\/\/bussola-digital.pt\/en\/wp-json\/wp\/v2\/pages\/2644\/revisions\/2733"}],"wp:attachment":[{"href":"https:\/\/bussola-digital.pt\/en\/wp-json\/wp\/v2\/media?parent=2644"}],"curies":[{"name":"wp","href":"https:\/\/api.w.org\/{rel}","templated":true}]}}